{"id":2,"date":"2008-09-01T10:27:34","date_gmt":"2008-09-01T17:27:34","guid":{"rendered":"http:\/\/www.polutexni.com\/?page_id=2"},"modified":"2008-09-13T12:29:20","modified_gmt":"2008-09-13T19:29:20","slug":"about","status":"publish","type":"page","link":"http:\/\/www.polutexni.com\/?page_id=2","title":{"rendered":"About"},"content":{"rendered":"<p>Polu Texni (\u00cf\u20ac\u00ce\u00bf\u00ce\u00bb\u00cf\u008d \u00cf\u201e\u00ce\u00b5\u00cf\u2021\u00ce\u00bd\u00ce\u00b9\u00ce\u00ba\u00cf\u0152\u00cf\u201a) is a Greek phrase meaning many arts. It&#8217;s the same root word as polytechnic. Polu Texni is a web magazine about mixed-media arts and speculative or weird fiction. We&#8217;re interested in the intersection where different media, styles, crafts, and genres meet to create something more interesting than what they would be alone.<\/p>\n<p>The editor is Dawn Albright. She is a statistician in her day job, who also writes, sculpts, and sews whenever she can.\u00c2\u00a0 She was co-founder of Avesta Blues Press (formerly Angelus Press) in the late 90s.\u00c2\u00a0 This project is a continuation of where that left off.<\/p>\n","protected":false},"excerpt":{"rendered":"<p>Polu Texni (\u00cf\u20ac\u00ce\u00bf\u00ce\u00bb\u00cf\u008d \u00cf\u201e\u00ce\u00b5\u00cf\u2021\u00ce\u00bd\u00ce\u00b9\u00ce\u00ba\u00cf\u0152\u00cf\u201a) is a Greek phrase meaning many arts. It&#8217;s the same root word as polytechnic. Polu Texni is a web magazine about mixed-media arts and speculative or weird fiction. We&#8217;re interested in the intersection where different media, styles, crafts, and genres meet to create something more interesting than what they would be [&hellip;]<\/p>\n","protected":false},"author":1,"featured_media":0,"parent":0,"menu_order":0,"comment_status":"open","ping_status":"open","template":"","meta":{"footnotes":""},"class_list":["post-2","page","type-page","status-publish","hentry"],"_links":{"self":[{"href":"http:\/\/www.polutexni.com\/index.php?rest_route=\/wp\/v2\/pages\/2","targetHints":{"allow":["GET"]}}],"collection":[{"href":"http:\/\/www.polutexni.com\/index.php?rest_route=\/wp\/v2\/pages"}],"about":[{"href":"http:\/\/www.polutexni.com\/index.php?rest_route=\/wp\/v2\/types\/page"}],"author":[{"embeddable":true,"href":"http:\/\/www.polutexni.com\/index.php?rest_route=\/wp\/v2\/users\/1"}],"replies":[{"embeddable":true,"href":"http:\/\/www.polutexni.com\/index.php?rest_route=%2Fwp%2Fv2%2Fcomments&post=2"}],"version-history":[{"count":2,"href":"http:\/\/www.polutexni.com\/index.php?rest_route=\/wp\/v2\/pages\/2\/revisions"}],"predecessor-version":[{"id":18,"href":"http:\/\/www.polutexni.com\/index.php?rest_route=\/wp\/v2\/pages\/2\/revisions\/18"}],"wp:attachment":[{"href":"http:\/\/www.polutexni.com\/index.php?rest_route=%2Fwp%2Fv2%2Fmedia&parent=2"}],"curies":[{"name":"wp","href":"https:\/\/api.w.org\/{rel}","templated":true}]}}